{"id":235,"date":"2020-02-12T12:03:31","date_gmt":"2020-02-12T12:03:31","guid":{"rendered":"http:\/\/designspiegel.at\/?page_id=235"},"modified":"2022-08-08T08:23:20","modified_gmt":"2022-08-08T08:23:20","slug":"designkompass","status":"publish","type":"page","link":"https:\/\/designspiegel.at\/index.php\/designkompass\/","title":{"rendered":"Designkompass"},"content":{"rendered":"\t\t<div data-elementor-type=\"wp-page\" data-elementor-id=\"235\" class=\"elementor elementor-235\">\n\t\t\t\t\t\t<section class=\"elementor-section elementor-top-section elementor-element elementor-element-49ae93c elementor-section-boxed elementor-section-height-default elementor-section-height-default\" data-id=\"49ae93c\" data-element_type=\"section\" data-e-type=\"section\">\n\t\t\t\t\t\t<div class=\"elementor-container elementor-column-gap-default\">\n\t\t\t\t\t<div class=\"elementor-column elementor-col-100 elementor-top-column elementor-element elementor-element-2768c95\" data-id=\"2768c95\" data-element_type=\"column\" data-e-type=\"column\">\n\t\t\t<div class=\"elementor-widget-wrap elementor-element-populated\">\n\t\t\t\t\t\t<div class=\"elementor-element elementor-element-f49bf11 elementor-widget-divider--view-line_text elementor-widget-divider--element-align-center elementor-widget elementor-widget-divider\" data-id=\"f49bf11\" data-element_type=\"widget\" data-e-type=\"widget\" data-widget_type=\"divider.default\">\n\t\t\t\t<div class=\"elementor-widget-container\">\n\t\t\t\t\t\t\t<div class=\"elementor-divider\">\n\t\t\t<span class=\"elementor-divider-separator\">\n\t\t\t\t\t\t\t<span class=\"elementor-divider__text elementor-divider__element\">\n\t\t\t\tdesignkompass\t\t\t\t<\/span>\n\t\t\t\t\t\t<\/span>\n\t\t<\/div>\n\t\t\t\t\t\t<\/div>\n\t\t\t\t<\/div>\n\t\t\t\t\t<\/div>\n\t\t<\/div>\n\t\t\t\t\t<\/div>\n\t\t<\/section>\n\t\t\t\t<section class=\"elementor-section elementor-top-section elementor-element elementor-element-513c2da elementor-section-boxed elementor-section-height-default elementor-section-height-default\" data-id=\"513c2da\" data-element_type=\"section\" data-e-type=\"section\">\n\t\t\t\t\t\t<div class=\"elementor-container elementor-column-gap-default\">\n\t\t\t\t\t<div class=\"elementor-column elementor-col-100 elementor-top-column elementor-element elementor-element-226dc7e\" data-id=\"226dc7e\" data-element_type=\"column\" data-e-type=\"column\">\n\t\t\t<div class=\"elementor-widget-wrap elementor-element-populated\">\n\t\t\t\t\t\t<div class=\"elementor-element elementor-element-3721967 elementor-widget elementor-widget-text-editor\" data-id=\"3721967\" data-element_type=\"widget\" data-e-type=\"widget\" data-widget_type=\"text-editor.default\">\n\t\t\t\t<div class=\"elementor-widget-container\">\n\t\t\t\t\t\t\t\t\t<p>\u2026 Analysetool zur Designerf\u00fchlung<\/p>\t\t\t\t\t\t\t\t<\/div>\n\t\t\t\t<\/div>\n\t\t\t\t\t<\/div>\n\t\t<\/div>\n\t\t\t\t\t<\/div>\n\t\t<\/section>\n\t\t\t\t<section class=\"elementor-section elementor-top-section elementor-element elementor-element-8f9c154 elementor-section-boxed elementor-section-height-default elementor-section-height-default\" data-id=\"8f9c154\" data-element_type=\"section\" data-e-type=\"section\">\n\t\t\t\t\t\t<div class=\"elementor-container elementor-column-gap-default\">\n\t\t\t\t\t<div class=\"elementor-column elementor-col-100 elementor-top-column elementor-element elementor-element-cd4928c\" data-id=\"cd4928c\" data-element_type=\"column\" data-e-type=\"column\">\n\t\t\t<div class=\"elementor-widget-wrap elementor-element-populated\">\n\t\t\t\t\t\t<div class=\"elementor-element elementor-element-2aa17ae elementor-widget-divider--view-line_icon elementor-view-default elementor-widget-divider--element-align-center elementor-widget elementor-widget-divider\" data-id=\"2aa17ae\" data-element_type=\"widget\" data-e-type=\"widget\" data-widget_type=\"divider.default\">\n\t\t\t\t<div class=\"elementor-widget-container\">\n\t\t\t\t\t\t\t<div class=\"elementor-divider\">\n\t\t\t<span class=\"elementor-divider-separator\">\n\t\t\t\t\t\t\t<div class=\"elementor-icon elementor-divider__element\">\n\t\t\t\t\t<i aria-hidden=\"true\" class=\"fas fa-chevron-down\"><\/i><\/div>\n\t\t\t\t\t\t<\/span>\n\t\t<\/div>\n\t\t\t\t\t\t<\/div>\n\t\t\t\t<\/div>\n\t\t\t\t\t<\/div>\n\t\t<\/div>\n\t\t\t\t\t<\/div>\n\t\t<\/section>\n\t\t\t\t<section class=\"elementor-section elementor-top-section elementor-element elementor-element-e6b1289 elementor-section-stretched elementor-section-boxed elementor-section-height-default elementor-section-height-default\" data-id=\"e6b1289\" data-element_type=\"section\" data-e-type=\"section\" data-settings=\"{&quot;stretch_section&quot;:&quot;section-stretched&quot;,&quot;background_background&quot;:&quot;classic&quot;}\">\n\t\t\t\t\t\t<div class=\"elementor-container elementor-column-gap-default\">\n\t\t\t\t\t<div class=\"elementor-column elementor-col-50 elementor-top-column elementor-element elementor-element-9bc283c\" data-id=\"9bc283c\" data-element_type=\"column\" data-e-type=\"column\">\n\t\t\t<div class=\"elementor-widget-wrap elementor-element-populated\">\n\t\t\t\t\t\t<div class=\"elementor-element elementor-element-63a330b elementor-widget elementor-widget-image\" data-id=\"63a330b\" data-element_type=\"widget\" data-e-type=\"widget\" data-widget_type=\"image.default\">\n\t\t\t\t<div class=\"elementor-widget-container\">\n\t\t\t\t\t\t\t\t\t\t\t\t\t\t\t<img fetchpriority=\"high\" decoding=\"async\" width=\"768\" height=\"767\" src=\"https:\/\/designspiegel.at\/wp-content\/uploads\/2020\/06\/honey-yanibel-minaya-cruz-6gSyEKq4Pvg-unsplash-1-768x767.jpeg\" class=\"attachment-medium_large size-medium_large wp-image-320\" alt=\"\" srcset=\"https:\/\/designspiegel.at\/wp-content\/uploads\/2020\/06\/honey-yanibel-minaya-cruz-6gSyEKq4Pvg-unsplash-1-768x767.jpeg 768w, https:\/\/designspiegel.at\/wp-content\/uploads\/2020\/06\/honey-yanibel-minaya-cruz-6gSyEKq4Pvg-unsplash-1-1000x1000.jpeg 1000w, https:\/\/designspiegel.at\/wp-content\/uploads\/2020\/06\/honey-yanibel-minaya-cruz-6gSyEKq4Pvg-unsplash-1-1200x1200.jpeg 1200w, https:\/\/designspiegel.at\/wp-content\/uploads\/2020\/06\/honey-yanibel-minaya-cruz-6gSyEKq4Pvg-unsplash-1-150x150.jpeg 150w, https:\/\/designspiegel.at\/wp-content\/uploads\/2020\/06\/honey-yanibel-minaya-cruz-6gSyEKq4Pvg-unsplash-1-1536x1536.jpeg 1536w, https:\/\/designspiegel.at\/wp-content\/uploads\/2020\/06\/honey-yanibel-minaya-cruz-6gSyEKq4Pvg-unsplash-1-2048x2046.jpeg 2048w\" sizes=\"(max-width: 768px) 100vw, 768px\" \/>\t\t\t\t\t\t\t\t\t\t\t\t\t\t\t<\/div>\n\t\t\t\t<\/div>\n\t\t\t\t\t<\/div>\n\t\t<\/div>\n\t\t\t\t<div class=\"elementor-column elementor-col-50 elementor-top-column elementor-element elementor-element-666da6a\" data-id=\"666da6a\" data-element_type=\"column\" data-e-type=\"column\">\n\t\t\t<div class=\"elementor-widget-wrap elementor-element-populated\">\n\t\t\t\t\t\t<div class=\"elementor-element elementor-element-16ba41f elementor-widget elementor-widget-text-editor\" data-id=\"16ba41f\" data-element_type=\"widget\" data-e-type=\"widget\" data-widget_type=\"text-editor.default\">\n\t\t\t\t<div class=\"elementor-widget-container\">\n\t\t\t\t\t\t\t\t\t<p>Ich arbeite bew\u00e4hrt mit dem, f\u00fcr meine Kunden, entwickelten Analyse-Tool <br>dem designkompass!&nbsp;<\/p>\n<p>Hier werden Werte, Motive, Visionen, Ziele, Vorstellungen, Farben, erfragt bzw. erarbeitet. Damit ist es mir m\u00f6glich sehr spezifisch die Anliegen des Kunden herauszufinden, und somit steigt f\u00fcr Sie die Sicherheit, dass wir das f\u00fcr Sie wirkungsvollste Ergebnis erzielen.<\/p>\n<p>Ich freue mich, wenn Sie mich kontaktieren und wir uns gemeinsam auf die Reise begeben. Der designkompass weist uns den Weg.<\/p>\t\t\t\t\t\t\t\t<\/div>\n\t\t\t\t<\/div>\n\t\t\t\t\t<\/div>\n\t\t<\/div>\n\t\t\t\t\t<\/div>\n\t\t<\/section>\n\t\t\t\t<section class=\"elementor-section elementor-top-section elementor-element elementor-element-ec40983 elementor-section-boxed elementor-section-height-default elementor-section-height-default\" data-id=\"ec40983\" data-element_type=\"section\" data-e-type=\"section\">\n\t\t\t\t\t\t<div class=\"elementor-container elementor-column-gap-default\">\n\t\t\t\t\t<div class=\"elementor-column elementor-col-100 elementor-top-column elementor-element elementor-element-0b43404\" data-id=\"0b43404\" data-element_type=\"column\" data-e-type=\"column\">\n\t\t\t<div class=\"elementor-widget-wrap elementor-element-populated\">\n\t\t\t\t\t\t<div class=\"elementor-element elementor-element-296dcaf elementor-widget elementor-widget-spacer\" data-id=\"296dcaf\" data-element_type=\"widget\" data-e-type=\"widget\" data-widget_type=\"spacer.default\">\n\t\t\t\t<div class=\"elementor-widget-container\">\n\t\t\t\t\t\t\t<div class=\"elementor-spacer\">\n\t\t\t<div class=\"elementor-spacer-inner\"><\/div>\n\t\t<\/div>\n\t\t\t\t\t\t<\/div>\n\t\t\t\t<\/div>\n\t\t\t\t\t<\/div>\n\t\t<\/div>\n\t\t\t\t\t<\/div>\n\t\t<\/section>\n\t\t\t\t<\/div>\n\t\t","protected":false},"excerpt":{"rendered":"<p>designkompass \u2026 Analysetool zur Designerf\u00fchlung Ich arbeite bew\u00e4hrt mit dem, f\u00fcr meine Kunden, entwickelten Analyse-Tool dem designkompass!&nbsp; Hier werden Werte, Motive, Visionen, Ziele, Vorstellungen, Farben, erfragt bzw. erarbeitet. Damit ist es mir m\u00f6glich sehr spezifisch die Anliegen des Kunden herauszufinden, und somit steigt f\u00fcr Sie die Sicherheit, dass wir das f\u00fcr Sie wirkungsvollste Ergebnis erzielen. &#8230; <a title=\"Designkompass\" class=\"read-more\" href=\"https:\/\/designspiegel.at\/index.php\/designkompass\/\" aria-label=\"Mehr Informationen \u00fcber Designkompass\">Weiterlesen<\/a><\/p>\n","protected":false},"author":2,"featured_media":0,"parent":0,"menu_order":0,"comment_status":"closed","ping_status":"closed","template":"elementor_header_footer","meta":{"footnotes":""},"class_list":["post-235","page","type-page","status-publish"],"_links":{"self":[{"href":"https:\/\/designspiegel.at\/index.php\/wp-json\/wp\/v2\/pages\/235","targetHints":{"allow":["GET"]}}],"collection":[{"href":"https:\/\/designspiegel.at\/index.php\/wp-json\/wp\/v2\/pages"}],"about":[{"href":"https:\/\/designspiegel.at\/index.php\/wp-json\/wp\/v2\/types\/page"}],"author":[{"embeddable":true,"href":"https:\/\/designspiegel.at\/index.php\/wp-json\/wp\/v2\/users\/2"}],"replies":[{"embeddable":true,"href":"https:\/\/designspiegel.at\/index.php\/wp-json\/wp\/v2\/comments?post=235"}],"version-history":[{"count":19,"href":"https:\/\/designspiegel.at\/index.php\/wp-json\/wp\/v2\/pages\/235\/revisions"}],"predecessor-version":[{"id":501,"href":"https:\/\/designspiegel.at\/index.php\/wp-json\/wp\/v2\/pages\/235\/revisions\/501"}],"wp:attachment":[{"href":"https:\/\/designspiegel.at\/index.php\/wp-json\/wp\/v2\/media?parent=235"}],"curies":[{"name":"wp","href":"https:\/\/api.w.org\/{rel}","templated":true}]}}